{"id":1168,"date":"2026-02-09T14:26:51","date_gmt":"2026-02-09T14:26:51","guid":{"rendered":"https:\/\/laboutiquedelabelleza.com\/?page_id=1168"},"modified":"2026-02-10T13:16:51","modified_gmt":"2026-02-10T13:16:51","slug":"inicio-c","status":"publish","type":"page","link":"https:\/\/laboutiquedelabelleza.com\/","title":{"rendered":"inicio-c"},"content":{"rendered":"\t\t<div data-elementor-type=\"wp-page\" data-elementor-id=\"1168\" class=\"elementor elementor-1168\" data-elementor-post-type=\"page\">\n\t\t\t\t<div class=\"elementor-element elementor-element-5ba7588 e-con-full e-flex e-con e-parent\" data-id=\"5ba7588\" data-element_type=\"container\" data-settings=\"{&quot;background_background&quot;:&quot;gradient&quot;}\">\n\t\t<div class=\"elementor-element elementor-element-9b7ff18 e-con-full e-flex e-con e-child\" data-id=\"9b7ff18\" data-element_type=\"container\">\n\t\t\t\t<div class=\"elementor-element elementor-element-b1bb77e elementor-widget elementor-widget-spacer\" data-id=\"b1bb77e\" data-element_type=\"widget\" data-widget_type=\"spacer.default\">\n\t\t\t\t\t\t\t<div class=\"elementor-spacer\">\n\t\t\t<div class=\"elementor-spacer-inner\"><\/div>\n\t\t<\/div>\n\t\t\t\t\t\t<\/div>\n\t\t\t\t<div class=\"elementor-element elementor-element-35a608a elementor-widget elementor-widget-image\" data-id=\"35a608a\" data-element_type=\"widget\" data-widget_type=\"image.default\">\n\t\t\t\t\t\t\t\t\t\t\t\t\t\t\t<img decoding=\"async\" width=\"300\" height=\"96\" src=\"https:\/\/laboutiquedelabelleza.com\/wp-content\/uploads\/2026\/02\/Laboutique_logo_PROFESIONAL_negro-2048x654-1-300x96.png\" class=\"attachment-medium size-medium wp-image-1184\" alt=\"\" srcset=\"https:\/\/laboutiquedelabelleza.com\/wp-content\/uploads\/2026\/02\/Laboutique_logo_PROFESIONAL_negro-2048x654-1-300x96.png 300w, https:\/\/laboutiquedelabelleza.com\/wp-content\/uploads\/2026\/02\/Laboutique_logo_PROFESIONAL_negro-2048x654-1-1024x327.png 1024w, https:\/\/laboutiquedelabelleza.com\/wp-content\/uploads\/2026\/02\/Laboutique_logo_PROFESIONAL_negro-2048x654-1-768x245.png 768w, https:\/\/laboutiquedelabelleza.com\/wp-content\/uploads\/2026\/02\/Laboutique_logo_PROFESIONAL_negro-2048x654-1-1536x491.png 1536w, https:\/\/laboutiquedelabelleza.com\/wp-content\/uploads\/2026\/02\/Laboutique_logo_PROFESIONAL_negro-2048x654-1-600x192.png 600w, https:\/\/laboutiquedelabelleza.com\/wp-content\/uploads\/2026\/02\/Laboutique_logo_PROFESIONAL_negro-2048x654-1.png 2048w\" sizes=\"(max-width: 300px) 100vw, 300px\" \/>\t\t\t\t\t\t\t\t\t\t\t\t\t\t\t<\/div>\n\t\t\t\t<div class=\"elementor-element elementor-element-e4acc41 elementor-widget elementor-widget-heading\" data-id=\"e4acc41\" data-element_type=\"widget\" data-widget_type=\"heading.default\">\n\t\t\t\t\t<h2 class=\"elementor-heading-title elementor-size-default\">Sitio en construccion<\/h2>\t\t\t\t<\/div>\n\t\t\t\t<div class=\"elementor-element elementor-element-50ad4dd elementor-widget elementor-widget-text-editor\" data-id=\"50ad4dd\" data-element_type=\"widget\" data-widget_type=\"text-editor.default\">\n\t\t\t\t\t\t\t\t\tEn estos momentos estamos mejorando nuestro sitio web para ofrecer una mejor experiencia a nuestros clientes.\n<h4 style=\"color: #ffffff;\"><strong>Rogamos disculpen las molestias.<\/strong><\/h4>\nPara cualquier consulta, pueden ponerse en contacto con nosotros a trav\u00e9s de nuestro n\u00famero de tel\u00e9fono.\t\t\t\t\t\t\t\t<\/div>\n\t\t\t\t<div class=\"elementor-element elementor-element-a1f7c46 elementor-align-center elementor-widget elementor-widget-button\" data-id=\"a1f7c46\" data-element_type=\"widget\" data-widget_type=\"button.default\">\n\t\t\t\t\t\t\t\t\t\t<a class=\"elementor-button elementor-button-link elementor-size-sm\" href=\"https:\/\/wa.me\/34687974664?text=Hola%2C%20quiero%20consultar%20por%20:\">\n\t\t\t\t\t\t<span class=\"elementor-button-content-wrapper\">\n\t\t\t\t\t\t<span class=\"elementor-button-icon\">\n\t\t\t\t<svg aria-hidden=\"true\" class=\"e-font-icon-svg e-fas-hand-point-right\" viewBox=\"0 0 512 512\" xmlns=\"http:\/\/www.w3.org\/2000\/svg\"><path d=\"M512 199.652c0 23.625-20.65 43.826-44.8 43.826h-99.851c16.34 17.048 18.346 49.766-6.299 70.944 14.288 22.829 2.147 53.017-16.45 62.315C353.574 425.878 322.654 448 272 448c-2.746 0-13.276-.203-16-.195-61.971.168-76.894-31.065-123.731-38.315C120.596 407.683 112 397.599 112 385.786V214.261l.002-.001c.011-18.366 10.607-35.889 28.464-43.845 28.886-12.994 95.413-49.038 107.534-77.323 7.797-18.194 21.384-29.084 40-29.092 34.222-.014 57.752 35.098 44.119 66.908-3.583 8.359-8.312 16.67-14.153 24.918H467.2c23.45 0 44.8 20.543 44.8 43.826zM96 200v192c0 13.255-10.745 24-24 24H24c-13.255 0-24-10.745-24-24V200c0-13.255 10.745-24 24-24h48c13.255 0 24 10.745 24 24zM68 368c0-11.046-8.954-20-20-20s-20 8.954-20 20 8.954 20 20 20 20-8.954 20-20z\"><\/path><\/svg>\t\t\t<\/span>\n\t\t\t\t\t\t\t\t\t<span class=\"elementor-button-text\">Cons\u00faltanos<\/span>\n\t\t\t\t\t<\/span>\n\t\t\t\t\t<\/a>\n\t\t\t\t\t\t\t\t<\/div>\n\t\t\t\t<\/div>\n\t\t\t\t<\/div>\n\t\t\t\t<\/div>\n\t\t","protected":false},"excerpt":{"rendered":"<p>Sitio en construccion En estos momentos estamos mejorando nuestro sitio web para ofrecer una mejor experiencia a nuestros clientes. Rogamos disculpen las molestias. Para cualquier consulta, pueden ponerse en contacto con nosotros a trav\u00e9s de nuestro n\u00famero de tel\u00e9fono. Cons\u00faltanos<\/p>\n","protected":false},"author":2,"featured_media":0,"parent":0,"menu_order":0,"comment_status":"closed","ping_status":"closed","template":"elementor_canvas","meta":{"footnotes":""},"class_list":["post-1168","page","type-page","status-publish","hentry"],"_links":{"self":[{"href":"https:\/\/laboutiquedelabelleza.com\/wp-json\/wp\/v2\/pages\/1168","targetHints":{"allow":["GET"]}}],"collection":[{"href":"https:\/\/laboutiquedelabelleza.com\/wp-json\/wp\/v2\/pages"}],"about":[{"href":"https:\/\/laboutiquedelabelleza.com\/wp-json\/wp\/v2\/types\/page"}],"author":[{"embeddable":true,"href":"https:\/\/laboutiquedelabelleza.com\/wp-json\/wp\/v2\/users\/2"}],"replies":[{"embeddable":true,"href":"https:\/\/laboutiquedelabelleza.com\/wp-json\/wp\/v2\/comments?post=1168"}],"version-history":[{"count":53,"href":"https:\/\/laboutiquedelabelleza.com\/wp-json\/wp\/v2\/pages\/1168\/revisions"}],"predecessor-version":[{"id":1373,"href":"https:\/\/laboutiquedelabelleza.com\/wp-json\/wp\/v2\/pages\/1168\/revisions\/1373"}],"wp:attachment":[{"href":"https:\/\/laboutiquedelabelleza.com\/wp-json\/wp\/v2\/media?parent=1168"}],"curies":[{"name":"wp","href":"https:\/\/api.w.org\/{rel}","templated":true}]}}